{"id":5119,"date":"2024-01-24T20:47:05","date_gmt":"2024-01-25T01:47:05","guid":{"rendered":"https:\/\/cammodelagency.com\/?page_id=5119"},"modified":"2024-01-24T20:48:15","modified_gmt":"2024-01-25T01:48:15","slug":"uygulamak","status":"publish","type":"page","link":"https:\/\/cammodelagency.com\/tr\/apply\/","title":{"rendered":"OnlyFans Management i\u00e7in ba\u015fvurun"},"content":{"rendered":"<h2 class=\"gb-headline gb-headline-5ad758aa\"><span class=\"gb-icon\"><svg aria-hidden=\"true\" role=\"img\" height=\"1em\" width=\"1em\" viewbox=\"0 0 576 512\" xmlns=\"http:\/\/www.w3.org\/2000\/svg\"><path fill=\"currentColor\" d=\"M576 240c0-23.63-12.95-44.04-32-55.12V32.01C544 23.26 537.02 0 512 0c-7.12 0-14.19 2.38-19.98 7.02l-85.03 68.03C364.28 109.19 310.66 128 256 128H64c-35.35 0-64 28.65-64 64v96c0 35.35 28.65 64 64 64h33.7c-1.39 10.48-2.18 21.14-2.18 32 0 39.77 9.26 77.35 25.56 110.94 5.19 10.69 16.52 17.06 28.4 17.06h74.28c26.05 0 41.69-29.84 25.9-50.56-16.4-21.52-26.15-48.36-26.15-77.44 0-11.11 1.62-21.79 4.41-32H256c54.66 0 108.28 18.81 150.98 52.95l85.03 68.03a32.023 32.023 0 0 0 19.98 7.02c24.92 0 32-22.78 32-32V295.13C563.05 284.04 576 263.63 576 240zm-96 141.42l-33.05-26.44C392.95 311.78 325.12 288 256 288v-96c69.12 0 136.95-23.78 190.95-66.98L480 98.58v282.84z\"><\/path><\/svg><\/span><span class=\"gb-headline-text\">\u015eu anda yeni i\u00e7erik olu\u015fturucular\u0131 kabul etmiyoruz... ancak<\/span><\/h2>\n\n\n\n<p>Fan Club ile tan\u0131\u015f\u0131n &amp; <a class=\"thirstylink\" rel=\"nofollow\" target=\"_blank\" title=\"Hypefury\" href=\"https:\/\/cammodelagency.com\/tr\/go\/hypefury\/\" data-shortcode=\"true\">Sosyal Medya<\/a> Profil Denetimi - \u00e7evrimi\u00e7i ki\u015fili\u011finizden en iyi \u015fekilde yararlanman\u0131za yard\u0131mc\u0131 olmak i\u00e7in tasarlanm\u0131\u015f kapsaml\u0131 bir hizmet.<\/p>\n\n\n\n<p>Bu devrim niteli\u011findeki \u00fcr\u00fcn ile uzman denet\u00e7ilerimiz profilinizi birden fazla alanda kapsaml\u0131 bir \u015fekilde de\u011ferlendirecektir. <a class=\"thirstylink\" rel=\"nofollow\" target=\"_blank\" title=\"Hypefury\" href=\"https:\/\/cammodelagency.com\/tr\/go\/hypefury\/\" data-shortcode=\"true\">sosyal medya<\/a> platformlar da dahil olmak \u00fczere <a class=\"thirstylink\" rel=\"nofollow\" target=\"_blank\" title=\"OnlyFans\" href=\"https:\/\/cammodelagency.com\/tr\/go\/onlyfans\/\" data-shortcode=\"true\">OnlyFans<\/a>, <a class=\"thirstylink\" rel=\"nofollow\" target=\"_blank\" title=\"LoyalFans\" href=\"https:\/\/cammodelagency.com\/tr\/go\/loyalfans\/\" data-shortcode=\"true\">Loyalfans<\/a>Instagram, Twitter ve daha fazlas\u0131. \u00c7evrimi\u00e7i imaj\u0131n\u0131z\u0131n her y\u00f6n\u00fcn\u00fc derinlemesine inceleyecek ve eri\u015fiminizi ve etkile\u015fiminizi art\u0131rmak i\u00e7in \u00f6zel olarak tasarlanm\u0131\u015f eyleme ge\u00e7irilebilir \u00f6neriler sunaca\u011f\u0131z. <\/p>\n\n\n\n<p><a href=\"https:\/\/subtomy.com\/product\/profile-audit\/\"><strong>\u015eimdi sat\u0131n almak i\u00e7in buraya t\u0131klay\u0131n.<\/strong><\/a><\/p>\n\n\n\n<p>\u0130\u015fte bu paha bi\u00e7ilmez denetimden bekleyebilecekleriniz:<\/p>\n\n\n\n<h3 class=\"gb-headline gb-headline-5162fe17 gb-headline-text\">Detayl\u0131 Profil Analizi<\/h3>\n\n\n\n<ul class=\"wp-block-list\">\n<li>Denet\u00e7ilerimiz, biyografi a\u00e7\u0131klamalar\u0131ndan profil resimlerine kadar profillerinizin her unsurunu titizlikle inceleyerek, bir birey veya marka olarak kim oldu\u011funuzu do\u011fru bir \u015fekilde temsil etmelerini sa\u011flayacakt\u0131r.<\/li>\n\n\n\n<li>T\u00fcm platformlardaki tutarl\u0131l\u0131\u011f\u0131 de\u011ferlendirerek kendinizi nas\u0131l sundu\u011funuz konusunda tutarl\u0131l\u0131k sa\u011flayaca\u011f\u0131z.<\/li>\n<\/ul>\n\n\n\n<h3 class=\"gb-headline gb-headline-9ffb1f98 gb-headline-text\">\u0130\u00e7erik \u0130ncelemesi<\/h3>\n\n\n\n<ul class=\"wp-block-list\">\n<li>Ekibimiz her platformda payla\u015f\u0131lan i\u00e7eri\u011fin t\u00fcr\u00fcn\u00fc ve kalitesini inceleyecektir.<\/li>\n\n\n\n<li>Benzersiz tarz\u0131n\u0131za veya ni\u015finize sad\u0131k kal\u0131rken kitleleri cezbetmek i\u00e7in g\u00f6nderilerinizi optimize etme konusunda i\u00e7g\u00f6r\u00fcler sa\u011flayaca\u011f\u0131z.<\/li>\n<\/ul>\n\n\n\n<h3 class=\"wp-block-heading\">Kat\u0131l\u0131m Stratejisi<\/h3>\n\n\n\n<ul class=\"wp-block-list\">\n<li>Takip\u00e7ilerle etkile\u015fimleri analiz ederek, \u00f6rne\u011fin yorumlar ve <a class=\"thirstylink\" rel=\"nofollow\" target=\"_blank\" title=\"Mesajlar\" href=\"https:\/\/cammodelagency.com\/tr\/go\/messages\/\" data-shortcode=\"true\">do\u011frudan mesajlar<\/a> (<a class=\"thirstylink\" rel=\"nofollow\" target=\"_blank\" title=\"Mesajlar\" href=\"https:\/\/cammodelagency.com\/tr\/go\/messages\/\" data-shortcode=\"true\">DM'ler<\/a>), daha derin ba\u011flant\u0131lar\u0131 te\u015fvik etmek i\u00e7in f\u0131rsatlar\u0131 belirleyece\u011fiz.<\/li>\n\n\n\n<li>\u0130lgi \u00e7ekici sohbetler ve zaman\u0131nda yan\u0131tlar yoluyla hayranlarla daha g\u00fc\u00e7l\u00fc ili\u015fkiler kurmaya y\u00f6nelik ki\u015fiselle\u015ftirilmi\u015f \u00f6neriler bekleyebilirsiniz.<\/li>\n<\/ul>\n\n\n\n<h3 class=\"gb-headline gb-headline-52025c79 gb-headline-text\">Para Kazanma \u0130pu\u00e7lar\u0131<\/h3>\n\n\n\n<ul class=\"wp-block-list\">\n<li>Denetimimiz, a\u015fa\u011f\u0131dakileri kullananlar\u0131n kazan\u00e7lar\u0131n\u0131 en \u00fcst d\u00fczeye \u00e7\u0131karmak i\u00e7in temel stratejiler sunmaktad\u0131r <a class=\"wpil_keyword_link\" href=\"https:\/\/cammodelagency.com\/onlyfans-alternative\/\" target=\"_blank\" rel=\"noopener\" title=\"OnlyFans\" data-wpil-keyword-link=\"linked\">OnlyFans<\/a>, <a class=\"thirstylink\" rel=\"nofollow\" target=\"_blank\" title=\"LoyalFans\" href=\"https:\/\/cammodelagency.com\/tr\/go\/loyalfans\/\" data-shortcode=\"true\">Loyalfans<\/a>ya da gelir kayna\u011f\u0131 olarak ba\u015fka herhangi bir hayran kul\u00fcb\u00fc hizmeti.<\/li>\n\n\n\n<li>Pazar trendlerine dayal\u0131 fiyatland\u0131rma rehberli\u011finden \u00f6zel i\u00e7erik olu\u015fturmaya y\u00f6nelik ipu\u00e7lar\u0131na kadar, hesab\u0131n\u0131z\u0131n t\u00fcm potansiyelini ortaya \u00e7\u0131karman\u0131za yard\u0131mc\u0131 olaca\u011f\u0131z.<\/li>\n<\/ul>\n\n\n\n<h3 class=\"gb-headline gb-headline-bbb1f56c gb-headline-text\">Markala\u015fma ve Estetik<\/h3>\n\n\n\n<ul class=\"wp-block-list\">\n<li>Uyumlu bir marka kimli\u011finin \u00f6nemini anl\u0131yoruz. Denet\u00e7ilerimiz genel markan\u0131z hakk\u0131nda geri bildirimde bulunarak hedef kitleniz ve ama\u00e7lar\u0131n\u0131zla uyumlu olmas\u0131n\u0131 sa\u011flayacakt\u0131r.<\/li>\n\n\n\n<li>\u0130ster g\u00f6rsel iyile\u015ftirmeler \u00f6nermek ister etkili hashtag'ler \u00f6nermek olsun, g\u00f6rsel olarak \u00e7ekici ve tutarl\u0131 bir \u00e7evrimi\u00e7i varl\u0131k olu\u015fturman\u0131za yard\u0131mc\u0131 olaca\u011f\u0131z.<\/li>\n<\/ul>\n\n\n\n<figure class=\"wp-block-embed aligncenter is-type-wp-embed is-provider-sub-to-my wp-block-embed-sub-to-my\"><div class=\"wp-block-embed__wrapper\">\n<blockquote class=\"wp-embedded-content\" data-secret=\"OGknZOcMkx\"><a href=\"https:\/\/subtomy.com\/product\/profile-audit\/\">Profil Denetimi<\/a><\/blockquote><iframe class=\"wp-embedded-content\" sandbox=\"allow-scripts\" security=\"restricted\" style=\"position: absolute; clip: rect(1px, 1px, 1px, 1px);\" title=\"&quot;Profil Denetimi&quot; - Sub To My...\" src=\"https:\/\/subtomy.com\/product\/profile-audit\/embed\/#?secret=V4iG9uBB4C#?secret=OGknZOcMkx\" data-secret=\"OGknZOcMkx\" width=\"600\" height=\"338\" frameborder=\"0\" marginwidth=\"0\" marginheight=\"0\" scrolling=\"no\"><\/iframe>\n<\/div><\/figure>","protected":false},"excerpt":{"rendered":"<p>\u015eu anda yeni i\u00e7erik olu\u015fturucular\u0131 kabul etmiyoruz... ancak Fan Club &amp; Sosyal Medya Profil Denetimi ile tan\u0131\u015f\u0131n - \u00e7evrimi\u00e7i ki\u015fili\u011finizden en iyi \u015fekilde yararlanman\u0131za yard\u0131mc\u0131 olmak i\u00e7in tasarlanm\u0131\u015f kapsaml\u0131 bir hizmet. Bu devrim niteli\u011findeki \u00fcr\u00fcnle, uzman denet\u00e7ilerimiz OnlyFans, Loyalfans, Instagram, Twitter, ... dahil olmak \u00fczere birden fazla sosyal medya platformunda profilinizi kapsaml\u0131 bir \u015fekilde de\u011ferlendirecek. <\/p>\n<p class=\"read-more-container\"><a title=\"OnlyFans Management i\u00e7in ba\u015fvurun\" class=\"read-more button\" href=\"https:\/\/cammodelagency.com\/tr\/apply\/#more-5119\" aria-label=\"OnlyFans Y\u00f6netimi i\u00e7in Ba\u015fvurun hakk\u0131nda daha fazla bilgi edinin\">Daha fazla bilgi edinin<\/a><\/p>","protected":false},"author":1,"featured_media":0,"parent":0,"menu_order":0,"comment_status":"closed","ping_status":"closed","template":"","meta":{"footnotes":""},"class_list":{"0":"post-5119","1":"page","2":"type-page","3":"status-publish","5":"infinite-scroll-item"},"aioseo_notices":[],"acf":[],"_links":{"self":[{"href":"https:\/\/cammodelagency.com\/tr\/wp-json\/wp\/v2\/pages\/5119","targetHints":{"allow":["GET"]}}],"collection":[{"href":"https:\/\/cammodelagency.com\/tr\/wp-json\/wp\/v2\/pages"}],"about":[{"href":"https:\/\/cammodelagency.com\/tr\/wp-json\/wp\/v2\/types\/page"}],"author":[{"embeddable":true,"href":"https:\/\/cammodelagency.com\/tr\/wp-json\/wp\/v2\/users\/1"}],"replies":[{"embeddable":true,"href":"https:\/\/cammodelagency.com\/tr\/wp-json\/wp\/v2\/comments?post=5119"}],"version-history":[{"count":35,"href":"https:\/\/cammodelagency.com\/tr\/wp-json\/wp\/v2\/pages\/5119\/revisions"}],"predecessor-version":[{"id":15961,"href":"https:\/\/cammodelagency.com\/tr\/wp-json\/wp\/v2\/pages\/5119\/revisions\/15961"}],"wp:attachment":[{"href":"https:\/\/cammodelagency.com\/tr\/wp-json\/wp\/v2\/media?parent=5119"}],"curies":[{"name":"wp","href":"https:\/\/api.w.org\/{rel}","templated":true}]}}